{"id":899,"date":"2024-09-13T16:52:40","date_gmt":"2024-09-13T16:52:40","guid":{"rendered":"https:\/\/solforastero.org\/?page_id=899"},"modified":"2024-10-14T16:05:06","modified_gmt":"2024-10-14T16:05:06","slug":"get-involved","status":"publish","type":"page","link":"https:\/\/solforastero.org\/es\/get-involved\/","title":{"rendered":"Get Involved"},"content":{"rendered":"<div data-elementor-type=\"wp-page\" data-elementor-id=\"899\" class=\"elementor elementor-899\" data-elementor-post-type=\"page\">\n\t\t\t\t<div class=\"elementor-element elementor-element-c7c1386 e-con-full e-flex e-con e-parent\" data-id=\"c7c1386\" data-element_type=\"container\">\n\t\t\t\t<div class=\"elementor-element elementor-element-577930a exad-sticky-section-no exad-glass-effect-no elementor-widget elementor-widget-heading\" data-id=\"577930a\" data-element_type=\"widget\" data-widget_type=\"heading.default\">\n\t\t\t\t<div class=\"elementor-widget-container\">\n\t\t\t\t\t<h2 class=\"elementor-heading-title elementor-size-default\">INVOL\u00daCRATE<\/h2>\t\t\t\t<\/div>\n\t\t\t\t<\/div>\n\t\t\t\t<\/div>\n\t\t<div class=\"elementor-element elementor-element-9cc7fa0 e-flex e-con-boxed e-con e-parent\" data-id=\"9cc7fa0\" data-element_type=\"container\" data-settings=\"{&quot;animation&quot;:&quot;none&quot;,&quot;background_background&quot;:&quot;gradient&quot;}\">\n\t\t\t\t\t<div class=\"e-con-inner\">\n\t\t<div class=\"elementor-element elementor-element-98324a8 e-con-full e-flex e-con e-child\" data-id=\"98324a8\" data-element_type=\"container\">\n\t\t\t\t<div class=\"elementor-element elementor-element-f30e4dd exad-sticky-section-no exad-glass-effect-no elementor-invisible elementor-widget elementor-widget-heading\" data-id=\"f30e4dd\" data-element_type=\"widget\" data-settings=\"{&quot;_animation&quot;:&quot;fadeInDown&quot;}\" data-widget_type=\"heading.default\">\n\t\t\t\t<div class=\"elementor-widget-container\">\n\t\t\t\t\t<h2 class=\"elementor-heading-title elementor-size-default\">\u00bfPor qu\u00e9 ser voluntario?<\/h2>\t\t\t\t<\/div>\n\t\t\t\t<\/div>\n\t\t\t\t<\/div>\n\t\t<div class=\"elementor-element elementor-element-6c84f0c e-con-full e-flex e-con e-child\" data-id=\"6c84f0c\" data-element_type=\"container\">\n\t\t<div class=\"elementor-element elementor-element-d76f502 e-grid e-con-full e-con e-child\" data-id=\"d76f502\" data-element_type=\"container\">\n\t\t\t\t<div class=\"elementor-element elementor-element-2f59615 exad-sticky-section-no exad-glass-effect-no elementor-widget elementor-widget-exad-exclusive-card\" data-id=\"2f59615\" data-element_type=\"widget\" data-widget_type=\"exad-exclusive-card.default\">\n\t\t\t\t<div class=\"elementor-widget-container\">\n\t\t\t\t\t\r\n\t\t<div class=\"exad-card left default\">\r\n\t\t\t\r\n          \t<div class=\"exad-card-body\">\r\n\t\t\t  \t\t          \t\t<a class=\"exad-card-title\">\r\n\t            \t\t<span>1. Ser un agente de cambio\t\t\t\t\t\t<\/span>\r\n\t        \t\t<\/a>\r\n\t\t\t\t\t<div class=\"exad-card-description\">Tu tiempo y tus habilidades pueden tener un impacto directo en las personas y familias de la comunidad latina. Ya sea ofreciendo tutor\u00eda, ayudando a organizar eventos comunitarios o proporcionando apoyo administrativo, cada papel es vital para nuestro \u00e9xito.<\/div>          \t<\/div>\r\n        <\/div>\r\n\t\t\t\t\t<\/div>\n\t\t\t\t<\/div>\n\t\t\t\t<div class=\"elementor-element elementor-element-d8ed838 exad-sticky-section-no exad-glass-effect-no elementor-widget elementor-widget-exad-exclusive-card\" data-id=\"d8ed838\" data-element_type=\"widget\" data-widget_type=\"exad-exclusive-card.default\">\n\t\t\t\t<div class=\"elementor-widget-container\">\n\t\t\t\t\t\r\n\t\t<div class=\"exad-card left default\">\r\n\t\t\t\r\n          \t<div class=\"exad-card-body\">\r\n\t\t\t  \t\t          \t\t<a class=\"exad-card-title\">\r\n\t            \t\t<span>2. Aprender y crecer\t\t\t\t\t\t<\/span>\r\n\t        \t\t<\/a>\r\n\t\t\t\t\t<div class=\"exad-card-description\">El voluntariado con Sol Forastero ofrece una experiencia pr\u00e1ctica que puede mejorar tus habilidades profesionales, construir tu red de contactos y profundizar tu comprensi\u00f3n de los desaf\u00edos \u00fanicos a los que se enfrentan los inmigrantes latinos. Esto es m\u00e1s que trabajo voluntario, es una oportunidad de aprendizaje que enriquece tu trayectoria personal y profesional.<\/div>          \t<\/div>\r\n        <\/div>\r\n\t\t\t\t\t<\/div>\n\t\t\t\t<\/div>\n\t\t\t\t<div class=\"elementor-element elementor-element-b86058c exad-sticky-section-no exad-glass-effect-no elementor-widget elementor-widget-exad-exclusive-card\" data-id=\"b86058c\" data-element_type=\"widget\" data-widget_type=\"exad-exclusive-card.default\">\n\t\t\t\t<div class=\"elementor-widget-container\">\n\t\t\t\t\t\r\n\t\t<div class=\"exad-card left default\">\r\n\t\t\t\r\n          \t<div class=\"exad-card-body\">\r\n\t\t\t  \t\t          \t\t<a class=\"exad-card-title\">\r\n\t            \t\t<span>3. Formar parte de una comunidad diversa y acogedora\t\t\t\t\t\t<\/span>\r\n\t        \t\t<\/a>\r\n\t\t\t\t\t<div class=\"exad-card-description\">\u00danete a un equipo de personas apasionadas de diversos or\u00edgenes que est\u00e1n unidos por un objetivo com\u00fan: elevar y apoyar a la comunidad latina. En Sol Forastero, construir\u00e1s conexiones y amistades significativas con personas de ideas afines que se preocupan por marcar la diferencia.<\/div>          \t<\/div>\r\n        <\/div>\r\n\t\t\t\t\t<\/div>\n\t\t\t\t<\/div>\n\t\t\t\t<div class=\"elementor-element elementor-element-57e5ebe exad-sticky-section-no exad-glass-effect-no elementor-widget elementor-widget-exad-exclusive-card\" data-id=\"57e5ebe\" data-element_type=\"widget\" data-widget_type=\"exad-exclusive-card.default\">\n\t\t\t\t<div class=\"elementor-widget-container\">\n\t\t\t\t\t\r\n\t\t<div class=\"exad-card left default\">\r\n\t\t\t\r\n          \t<div class=\"exad-card-body\">\r\n\t\t\t  \t\t          \t\t<a class=\"exad-card-title\">\r\n\t            \t\t<span>4. Haz que la amabilidad sea contagiosa\t\t\t\t\t\t<\/span>\r\n\t        \t\t<\/a>\r\n\t\t\t\t\t<div class=\"exad-card-description\">No hay nada m\u00e1s gratificante que mostrar bondad a los dem\u00e1s. Tus contribuciones, grandes o peque\u00f1as, crean un efecto domin\u00f3 que inspira esperanza y positividad en nuestra comunidad. Al ofrecerte como voluntario, formas parte de algo m\u00e1s grande: un movimiento que cambia vidas a trav\u00e9s de la compasi\u00f3n.<\/div>          \t<\/div>\r\n        <\/div>\r\n\t\t\t\t\t<\/div>\n\t\t\t\t<\/div>\n\t\t\t\t<\/div>\n\t\t\t\t<\/div>\n\t\t\t\t<div class=\"elementor-element elementor-element-30aa80b exad-sticky-section-no exad-glass-effect-no elementor-invisible elementor-widget elementor-widget-heading\" data-id=\"30aa80b\" data-element_type=\"widget\" data-settings=\"{&quot;_animation&quot;:&quot;fadeInDown&quot;}\" data-widget_type=\"heading.default\">\n\t\t\t\t<div class=\"elementor-widget-container\">\n\t\t\t\t\t<h2 class=\"elementor-heading-title elementor-size-default\">Oportunidades de voluntariado: Encuentre su funci\u00f3n<\/h2>\t\t\t\t<\/div>\n\t\t\t\t<\/div>\n\t\t<div class=\"elementor-element elementor-element-5a2db5f e-grid e-con-full e-con e-child\" data-id=\"5a2db5f\" data-element_type=\"container\">\n\t\t\t\t<div class=\"elementor-element elementor-element-8bc5e3e exad-sticky-section-no exad-glass-effect-no elementor-widget elementor-widget-exad-exclusive-card\" data-id=\"8bc5e3e\" data-element_type=\"widget\" data-widget_type=\"exad-exclusive-card.default\">\n\t\t\t\t<div class=\"elementor-widget-container\">\n\t\t\t\t\t\r\n\t\t<div class=\"exad-card left default\">\r\n\t\t\t\r\n          \t<div class=\"exad-card-body\">\r\n\t\t\t  \t\t          \t\t<a class=\"exad-card-title\">\r\n\t            \t\t<span>Mentores y tutores\t\t\t\t\t\t<\/span>\r\n\t        \t\t<\/a>\r\n\t\t\t\t\t<div class=\"exad-card-description\">Comparta su experiencia en desarrollo profesional, conocimientos ling\u00fc\u00edsticos o integraci\u00f3n cultural. Ayude a los miembros de nuestra comunidad a ganar confianza y a prosperar en su nuevo entorno.<\/div>          \t<\/div>\r\n        <\/div>\r\n\t\t\t\t\t<\/div>\n\t\t\t\t<\/div>\n\t\t\t\t<div class=\"elementor-element elementor-element-37cd17c exad-sticky-section-no exad-glass-effect-no elementor-widget elementor-widget-exad-exclusive-card\" data-id=\"37cd17c\" data-element_type=\"widget\" data-widget_type=\"exad-exclusive-card.default\">\n\t\t\t\t<div class=\"elementor-widget-container\">\n\t\t\t\t\t\r\n\t\t<div class=\"exad-card left default\">\r\n\t\t\t\r\n          \t<div class=\"exad-card-body\">\r\n\t\t\t  \t\t          \t\t<a class=\"exad-card-title\">\r\n\t            \t\t<span>Asistentes de eventos\t\t\t\t\t\t<\/span>\r\n\t        \t\t<\/a>\r\n\t\t\t\t\t<div class=\"exad-card-description\">Ayude a planificar y ejecutar talleres, reuniones comunitarias y eventos de recaudaci\u00f3n de fondos. Tu apoyo nos ayuda a crear experiencias impactantes y atractivas para nuestra comunidad.<\/div>          \t<\/div>\r\n        <\/div>\r\n\t\t\t\t\t<\/div>\n\t\t\t\t<\/div>\n\t\t\t\t<div class=\"elementor-element elementor-element-e95c1ea exad-sticky-section-no exad-glass-effect-no elementor-widget elementor-widget-exad-exclusive-card\" data-id=\"e95c1ea\" data-element_type=\"widget\" data-widget_type=\"exad-exclusive-card.default\">\n\t\t\t\t<div class=\"elementor-widget-container\">\n\t\t\t\t\t\r\n\t\t<div class=\"exad-card left default\">\r\n\t\t\t\r\n          \t<div class=\"exad-card-body\">\r\n\t\t\t  \t\t          \t\t<a class=\"exad-card-title\">\r\n\t            \t\t<span>Voluntarios de ayuda comunitaria\t\t\t\t\t\t<\/span>\r\n\t        \t\t<\/a>\r\n\t\t\t\t\t<div class=\"exad-card-description\">Difunde nuestros programas y servicios. Ay\u00fadanos a conectar con quienes m\u00e1s nos necesitan y aseg\u00farate de que todos sepan que tienen un lugar en Sol Forastero.\n<\/div>          \t<\/div>\r\n        <\/div>\r\n\t\t\t\t\t<\/div>\n\t\t\t\t<\/div>\n\t\t\t\t<div class=\"elementor-element elementor-element-7dc3fd4 exad-sticky-section-no exad-glass-effect-no elementor-widget elementor-widget-exad-exclusive-card\" data-id=\"7dc3fd4\" data-element_type=\"widget\" data-widget_type=\"exad-exclusive-card.default\">\n\t\t\t\t<div class=\"elementor-widget-container\">\n\t\t\t\t\t\r\n\t\t<div class=\"exad-card left default\">\r\n\t\t\t\r\n          \t<div class=\"exad-card-body\">\r\n\t\t\t  \t\t          \t\t<a class=\"exad-card-title\">\r\n\t            \t\t<span>Apoyo administrativo\t\t\t\t\t\t<\/span>\r\n\t        \t\t<\/a>\r\n\t\t\t\t\t<div class=\"exad-card-description\">Ayude a que nuestra organizaci\u00f3n funcione sin problemas realizando tareas de oficina, introduciendo datos y coordinando programas. Tu trabajo entre bastidores nos ayuda a mantener unos servicios de alta calidad.<\/div>          \t<\/div>\r\n        <\/div>\r\n\t\t\t\t\t<\/div>\n\t\t\t\t<\/div>\n\t\t\t\t<\/div>\n\t\t\t\t<div class=\"elementor-element elementor-element-ee03aa5 exad-sticky-section-no exad-glass-effect-no elementor-invisible elementor-widget elementor-widget-heading\" data-id=\"ee03aa5\" data-element_type=\"widget\" data-settings=\"{&quot;_animation&quot;:&quot;fadeInDown&quot;}\" data-widget_type=\"heading.default\">\n\t\t\t\t<div class=\"elementor-widget-container\">\n\t\t\t\t\t<h2 class=\"elementor-heading-title elementor-size-default\">Las recompensas del voluntariado<\/h2>\t\t\t\t<\/div>\n\t\t\t\t<\/div>\n\t\t\t\t<div class=\"elementor-element elementor-element-8258dc1 exad-sticky-section-no exad-glass-effect-no elementor-invisible elementor-widget elementor-widget-heading\" data-id=\"8258dc1\" data-element_type=\"widget\" data-settings=\"{&quot;_animation&quot;:&quot;fadeInDown&quot;}\" data-widget_type=\"heading.default\">\n\t\t\t\t<div class=\"elementor-widget-container\">\n\t\t\t\t\t<p class=\"elementor-heading-title elementor-size-default\">El voluntariado no consiste s\u00f3lo en retribuir, sino tambi\u00e9n en crecer personalmente, descubrir nuevos talentos y disfrutar sirviendo a los dem\u00e1s. En Sol Forastero, celebramos cada contribuci\u00f3n y reconocemos que nuestros voluntarios son el coraz\u00f3n de nuestra misi\u00f3n. Esto es lo que puedes ganar:<\/p>\t\t\t\t<\/div>\n\t\t\t\t<\/div>\n\t\t<div class=\"elementor-element elementor-element-a9cb970 e-grid e-con-full e-con e-child\" data-id=\"a9cb970\" data-element_type=\"container\">\n\t\t\t\t<div class=\"elementor-element elementor-element-6bd46c9 exad-sticky-section-no exad-glass-effect-no elementor-widget elementor-widget-exad-exclusive-card\" data-id=\"6bd46c9\" data-element_type=\"widget\" data-widget_type=\"exad-exclusive-card.default\">\n\t\t\t\t<div class=\"elementor-widget-container\">\n\t\t\t\t\t\r\n\t\t<div class=\"exad-card left default\">\r\n\t\t\t\r\n          \t<div class=\"exad-card-body\">\r\n\t\t\t  \t\t          \t\t<a class=\"exad-card-title\">\r\n\t            \t\t<span>Realizaci\u00f3n personal\t\t\t\t\t\t<\/span>\r\n\t        \t\t<\/a>\r\n\t\t\t\t\t<div class=\"exad-card-description\">Experimente la alegr\u00eda de ayudar a los dem\u00e1s y de marcar una diferencia tangible en la vida de la gente.<\/div>          \t<\/div>\r\n        <\/div>\r\n\t\t\t\t\t<\/div>\n\t\t\t\t<\/div>\n\t\t\t\t<div class=\"elementor-element elementor-element-ddfb423 exad-sticky-section-no exad-glass-effect-no elementor-widget elementor-widget-exad-exclusive-card\" data-id=\"ddfb423\" data-element_type=\"widget\" data-widget_type=\"exad-exclusive-card.default\">\n\t\t\t\t<div class=\"elementor-widget-container\">\n\t\t\t\t\t\r\n\t\t<div class=\"exad-card left default\">\r\n\t\t\t\r\n          \t<div class=\"exad-card-body\">\r\n\t\t\t  \t\t          \t\t<a class=\"exad-card-title\">\r\n\t            \t\t<span>Desarrollo de habilidades\t\t\t\t\t\t<\/span>\r\n\t        \t\t<\/a>\r\n\t\t\t\t\t<div class=\"exad-card-description\">Adquiera nuevas habilidades de comunicaci\u00f3n, liderazgo y resoluci\u00f3n de problemas mientras trabaja junto a un equipo din\u00e1mico.<\/div>          \t<\/div>\r\n        <\/div>\r\n\t\t\t\t\t<\/div>\n\t\t\t\t<\/div>\n\t\t\t\t<div class=\"elementor-element elementor-element-0557af6 exad-sticky-section-no exad-glass-effect-no elementor-widget elementor-widget-exad-exclusive-card\" data-id=\"0557af6\" data-element_type=\"widget\" data-widget_type=\"exad-exclusive-card.default\">\n\t\t\t\t<div class=\"elementor-widget-container\">\n\t\t\t\t\t\r\n\t\t<div class=\"exad-card left default\">\r\n\t\t\t\r\n          \t<div class=\"exad-card-body\">\r\n\t\t\t  \t\t          \t\t<a class=\"exad-card-title\">\r\n\t            \t\t<span>Oportunidades de establecer contactos\t\t\t\t\t\t<\/span>\r\n\t        \t\t<\/a>\r\n\t\t\t\t\t<div class=\"exad-card-description\">P\u00f3ngase en contacto con profesionales, l\u00edderes comunitarios y otros voluntarios que comparten su pasi\u00f3n por dejar huella.<\/div>          \t<\/div>\r\n        <\/div>\r\n\t\t\t\t\t<\/div>\n\t\t\t\t<\/div>\n\t\t\t\t<div class=\"elementor-element elementor-element-40e6b53 exad-sticky-section-no exad-glass-effect-no elementor-widget elementor-widget-exad-exclusive-card\" data-id=\"40e6b53\" data-element_type=\"widget\" data-widget_type=\"exad-exclusive-card.default\">\n\t\t\t\t<div class=\"elementor-widget-container\">\n\t\t\t\t\t\r\n\t\t<div class=\"exad-card left default\">\r\n\t\t\t\r\n          \t<div class=\"exad-card-body\">\r\n\t\t\t  \t\t          \t\t<a class=\"exad-card-title\">\r\n\t            \t\t<span>Reconocimiento\t\t\t\t\t\t<\/span>\r\n\t        \t\t<\/a>\r\n\t\t\t\t\t<div class=\"exad-card-description\">Honramos a nuestros voluntarios mediante actos especiales, certificados y programas de agradecimiento. Sus esfuerzos ser\u00e1n siempre reconocidos y celebrados.<\/div>          \t<\/div>\r\n        <\/div>\r\n\t\t\t\t\t<\/div>\n\t\t\t\t<\/div>\n\t\t\t\t<\/div>\n\t\t\t\t<div class=\"elementor-element elementor-element-540a9fa exad-sticky-section-no exad-glass-effect-no elementor-invisible elementor-widget elementor-widget-heading\" data-id=\"540a9fa\" data-element_type=\"widget\" data-settings=\"{&quot;_animation&quot;:&quot;fadeInDown&quot;}\" data-widget_type=\"heading.default\">\n\t\t\t\t<div class=\"elementor-widget-container\">\n\t\t\t\t\t<h2 class=\"elementor-heading-title elementor-size-default\">\u00bfC\u00f3mo empezar?<\/h2>\t\t\t\t<\/div>\n\t\t\t\t<\/div>\n\t\t\t\t<div class=\"elementor-element elementor-element-60d72f3 exad-sticky-section-no exad-glass-effect-no elementor-invisible elementor-widget elementor-widget-heading\" data-id=\"60d72f3\" data-element_type=\"widget\" data-settings=\"{&quot;_animation&quot;:&quot;fadeInDown&quot;}\" data-widget_type=\"heading.default\">\n\t\t\t\t<div class=\"elementor-widget-container\">\n\t\t\t\t\t<p class=\"elementor-heading-title elementor-size-default\">\u00bfListo para marcar la diferencia? Aqu\u00ed tienes c\u00f3mo participar:<\/p>\t\t\t\t<\/div>\n\t\t\t\t<\/div>\n\t\t\t\t<div class=\"elementor-element elementor-element-91eb1f4 exad-sticky-section-no exad-glass-effect-no elementor-widget elementor-widget-text-editor\" data-id=\"91eb1f4\" data-element_type=\"widget\" data-widget_type=\"text-editor.default\">\n\t\t\t\t<div class=\"elementor-widget-container\">\n\t\t\t\t\t\t\t\t\t<ol start=\"1\"><li><b>Rellene nuestra solicitud de voluntariado:<\/b>\u00a0Correo electr\u00f3nico: <a href=\"mailto:volunteer@solforastero.org\" target=\"_blank\" rel=\"noopener noreferrer\">volunteer@solforastero.org<\/a> Formulario de contacto: <a href=\"https:\/\/solforastero.org\/es\/contac-us\/\">Cont\u00e1ctanos<\/a><\/li><li><b>Asistir a una orientaci\u00f3n para voluntarios:<\/b>\u00a0Obtenga m\u00e1s informaci\u00f3n sobre nuestra misi\u00f3n, conozca a nuestro equipo y descubra c\u00f3mo puede contribuir.<\/li><li><b>Empieza a ser voluntario:<\/b>\u00a0Encuentra el puesto que mejor se adapte a tus aptitudes e intereses, \u00a1y empieza a influir positivamente!<\/li><\/ol>\t\t\t\t\t\t\t\t<\/div>\n\t\t\t\t<\/div>\n\t\t\t\t\t<\/div>\n\t\t\t\t<\/div>\n\t\t\t\t<\/div>","protected":false},"excerpt":{"rendered":"<p>GET INVOLVED Why Volunteer with Us? 1. Be a Change-Maker Your time and skills can directly impact individuals and families [&hellip;]<\/p>","protected":false},"author":1,"featured_media":0,"parent":0,"menu_order":0,"comment_status":"closed","ping_status":"closed","template":"","meta":{"site-sidebar-layout":"no-sidebar","site-content-layout":"","ast-site-content-layout":"full-width-container","site-content-style":"default","site-sidebar-style":"default","ast-global-header-display":"","ast-banner-title-visibility":"","ast-main-header-display":"","ast-hfb-above-header-display":"","ast-hfb-below-header-display":"","ast-hfb-mobile-header-display":"","site-post-title":"disabled","ast-breadcrumbs-content":"","ast-featured-img":"disabled","footer-sml-layout":"","theme-transparent-header-meta":"","adv-header-id-meta":"","stick-header-meta":"","header-above-stick-meta":"","header-main-stick-meta":"","header-below-stick-meta":"","astra-migrate-meta-layouts":"default","ast-page-background-enabled":"default","ast-page-background-meta":{"desktop":{"background-color":"var(--ast-global-color-4)","background-image":"","background-repeat":"repeat","background-position":"center center","background-size":"auto","background-attachment":"scroll","background-type":"","background-media":"","overlay-type":"","overlay-color":"","overlay-opacity":"","overlay-gradient":""},"tablet":{"background-color":"","background-image":"","background-repeat":"repeat","background-position":"center center","background-size":"auto","background-attachment":"scroll","background-type":"","background-media":"","overlay-type":"","overlay-color":"","overlay-opacity":"","overlay-gradient":""},"mobile":{"background-color":"","background-image":"","background-repeat":"repeat","background-position":"center center","background-size":"auto","background-attachment":"scroll","background-type":"","background-media":"","overlay-type":"","overlay-color":"","overlay-opacity":"","overlay-gradient":""}},"ast-content-background-meta":{"desktop":{"background-color":"var(--ast-global-color-5)","background-image":"","background-repeat":"repeat","background-position":"center center","background-size":"auto","background-attachment":"scroll","background-type":"","background-media":"","overlay-type":"","overlay-color":"","overlay-opacity":"","overlay-gradient":""},"tablet":{"background-color":"var(--ast-global-color-5)","background-image":"","background-repeat":"repeat","background-position":"center center","background-size":"auto","background-attachment":"scroll","background-type":"","background-media":"","overlay-type":"","overlay-color":"","overlay-opacity":"","overlay-gradient":""},"mobile":{"background-color":"var(--ast-global-color-5)","background-image":"","background-repeat":"repeat","background-position":"center center","background-size":"auto","background-attachment":"scroll","background-type":"","background-media":"","overlay-type":"","overlay-color":"","overlay-opacity":"","overlay-gradient":""}},"footnotes":""},"class_list":["post-899","page","type-page","status-publish","hentry"],"_links":{"self":[{"href":"https:\/\/solforastero.org\/es\/wp-json\/wp\/v2\/pages\/899","targetHints":{"allow":["GET"]}}],"collection":[{"href":"https:\/\/solforastero.org\/es\/wp-json\/wp\/v2\/pages"}],"about":[{"href":"https:\/\/solforastero.org\/es\/wp-json\/wp\/v2\/types\/page"}],"author":[{"embeddable":true,"href":"https:\/\/solforastero.org\/es\/wp-json\/wp\/v2\/users\/1"}],"replies":[{"embeddable":true,"href":"https:\/\/solforastero.org\/es\/wp-json\/wp\/v2\/comments?post=899"}],"version-history":[{"count":55,"href":"https:\/\/solforastero.org\/es\/wp-json\/wp\/v2\/pages\/899\/revisions"}],"predecessor-version":[{"id":1134,"href":"https:\/\/solforastero.org\/es\/wp-json\/wp\/v2\/pages\/899\/revisions\/1134"}],"wp:attachment":[{"href":"https:\/\/solforastero.org\/es\/wp-json\/wp\/v2\/media?parent=899"}],"curies":[{"name":"wp","href":"https:\/\/api.w.org\/{rel}","templated":true}]}}