{"id":959,"date":"2024-10-02T20:06:58","date_gmt":"2024-10-02T20:06:58","guid":{"rendered":"https:\/\/solforastero.org\/?page_id=959"},"modified":"2024-12-02T20:44:37","modified_gmt":"2024-12-02T20:44:37","slug":"donate","status":"publish","type":"page","link":"https:\/\/solforastero.org\/es\/donate\/","title":{"rendered":"DONAR"},"content":{"rendered":"<div data-elementor-type=\"wp-page\" data-elementor-id=\"959\" class=\"elementor elementor-959\" data-elementor-post-type=\"page\">\n\t\t\t\t<div class=\"elementor-element elementor-element-c7c1386 e-con-full e-flex e-con e-parent\" data-id=\"c7c1386\" data-element_type=\"container\">\n\t\t\t\t<div class=\"elementor-element elementor-element-577930a exad-sticky-section-no exad-glass-effect-no elementor-widget elementor-widget-heading\" data-id=\"577930a\" data-element_type=\"widget\" data-widget_type=\"heading.default\">\n\t\t\t\t<div class=\"elementor-widget-container\">\n\t\t\t\t\t<h2 class=\"elementor-heading-title elementor-size-default\">DONAR<\/h2>\t\t\t\t<\/div>\n\t\t\t\t<\/div>\n\t\t\t\t<\/div>\n\t\t<div class=\"elementor-element elementor-element-9cc7fa0 e-flex e-con-boxed e-con e-parent\" data-id=\"9cc7fa0\" data-element_type=\"container\" data-settings=\"{&quot;animation&quot;:&quot;none&quot;,&quot;background_background&quot;:&quot;gradient&quot;}\">\n\t\t\t\t\t<div class=\"e-con-inner\">\n\t\t<div class=\"elementor-element elementor-element-98324a8 e-con-full e-flex e-con e-child\" data-id=\"98324a8\" data-element_type=\"container\">\n\t\t\t\t<div class=\"elementor-element elementor-element-f30e4dd exad-sticky-section-no exad-glass-effect-no elementor-invisible elementor-widget elementor-widget-heading\" data-id=\"f30e4dd\" data-element_type=\"widget\" data-settings=\"{&quot;_animation&quot;:&quot;fadeInDown&quot;}\" data-widget_type=\"heading.default\">\n\t\t\t\t<div class=\"elementor-widget-container\">\n\t\t\t\t\t<h2 class=\"elementor-heading-title elementor-size-default\">Apoye Nuestro Camino <\/h2>\t\t\t\t<\/div>\n\t\t\t\t<\/div>\n\t\t\t\t<div class=\"elementor-element elementor-element-91eb1f4 exad-sticky-section-no exad-glass-effect-no elementor-widget elementor-widget-text-editor\" data-id=\"91eb1f4\" data-element_type=\"widget\" data-widget_type=\"text-editor.default\">\n\t\t\t\t<div class=\"elementor-widget-container\">\n\t\t\t\t\t\t\t\t\t<div>Su donaci\u00f3n no es s\u00f3lo una transacci\u00f3n, es una oportunidad de mejorar la comunidad latina.\u00a0<\/div><div>Si te apasiona el empoderamiento de la mujer, defender la diversidad o simplemente marcar la diferencia, tu apoyo ayuda a Sol Forastero a crear un cambio real.<\/div><div>Cada d\u00f3lar que donas financia talleres, proporciona recursos vitales y crea v\u00ednculos m\u00e1s s\u00f3lidos. Adem\u00e1s, gracias a nuestra exenci\u00f3n de impuestos 501(c)(3), cada donaci\u00f3n es deducible de impuestos. Ya env\u00edes $5 o $500 d\u00f3lares, formas parte de algo m\u00e1s grande.\u00a0<\/div><div>Dona hoy a trav\u00e9s de Zelle, Venmo o PayPal y ay\u00fadanos a mantener el impulso. Juntos estamos forjando un futuro mejor.<\/div>\t\t\t\t\t\t\t\t<\/div>\n\t\t\t\t<\/div>\n\t\t\t\t<\/div>\n\t\t\t\t\t<\/div>\n\t\t\t\t<\/div>\n\t\t<div class=\"elementor-element elementor-element-be9af0a e-con-full e-flex e-con e-parent\" data-id=\"be9af0a\" data-element_type=\"container\" data-settings=\"{&quot;background_background&quot;:&quot;gradient&quot;}\">\n\t\t<div class=\"elementor-element elementor-element-2873e55 e-con-full e-flex e-con e-child\" data-id=\"2873e55\" data-element_type=\"container\">\n\t\t\t\t<div class=\"elementor-element elementor-element-80bd509 exad-sticky-section-no exad-glass-effect-no elementor-widget elementor-widget-html\" data-id=\"80bd509\" data-element_type=\"widget\" data-widget_type=\"html.default\">\n\t\t\t\t<div class=\"elementor-widget-container\">\n\t\t\t\t\t<script src=\"https:\/\/www.paypal.com\/sdk\/js?client-id=BAAyHBRb_FvnQcmnzc9hMxFg36oOKuIk25a7UDTqs13Xihm2kjOmzklunyUJh6xarTIS9QySj-y-8Eo3ow&components=hosted-buttons&enable-funding=venmo&currency=USD\"><\/script> <div id=\"paypal-container-H6UBM4H9VD2T6\"><\/div> <script> paypal.HostedButtons({ hostedButtonId: \"H6UBM4H9VD2T6\", }).render(\"#paypal-container-H6UBM4H9VD2T6\") <\/script>\r\n\t\t\t\t<\/div>\n\t\t\t\t<\/div>\n\t\t\t\t<\/div>\n\t\t<div class=\"elementor-element elementor-element-e0835eb e-con-full e-flex e-con e-child\" data-id=\"e0835eb\" data-element_type=\"container\" data-settings=\"{&quot;animation&quot;:&quot;none&quot;}\">\n\t\t\t\t<div class=\"elementor-element elementor-element-f5aebcc exad-sticky-section-no exad-glass-effect-no elementor-widget elementor-widget-heading\" data-id=\"f5aebcc\" data-element_type=\"widget\" data-widget_type=\"heading.default\">\n\t\t\t\t<div class=\"elementor-widget-container\">\n\t\t\t\t\t<h3 class=\"elementor-heading-title elementor-size-default\">DONA CON ZELLE<\/h3>\t\t\t\t<\/div>\n\t\t\t\t<\/div>\n\t\t\t\t<div class=\"elementor-element elementor-element-ea42f00 exad-sticky-section-no exad-glass-effect-no elementor-widget elementor-widget-image\" data-id=\"ea42f00\" data-element_type=\"widget\" data-widget_type=\"image.default\">\n\t\t\t\t<div class=\"elementor-widget-container\">\n\t\t\t\t\t\t\t\t\t\t\t\t\t\t\t<img fetchpriority=\"high\" decoding=\"async\" width=\"369\" height=\"352\" src=\"https:\/\/solforastero.org\/wp-content\/uploads\/2024\/10\/Zelle-donate-QR.png\" class=\"attachment-full size-full wp-image-1046\" alt=\"\" srcset=\"https:\/\/solforastero.org\/wp-content\/uploads\/2024\/10\/Zelle-donate-QR.png 369w, https:\/\/solforastero.org\/wp-content\/uploads\/2024\/10\/Zelle-donate-QR-300x286.png 300w, https:\/\/solforastero.org\/wp-content\/uploads\/2024\/10\/Zelle-donate-QR-13x12.png 13w\" sizes=\"(max-width: 369px) 100vw, 369px\" \/>\t\t\t\t\t\t\t\t\t\t\t\t\t\t\t<\/div>\n\t\t\t\t<\/div>\n\t\t\t\t<\/div>\n\t\t<div class=\"elementor-element elementor-element-601a0e7 e-con-full e-flex e-con e-child\" data-id=\"601a0e7\" data-element_type=\"container\" data-settings=\"{&quot;animation&quot;:&quot;none&quot;}\">\n\t\t\t\t<div class=\"elementor-element elementor-element-918b05c exad-sticky-section-no exad-glass-effect-no elementor-widget elementor-widget-heading\" data-id=\"918b05c\" data-element_type=\"widget\" data-widget_type=\"heading.default\">\n\t\t\t\t<div class=\"elementor-widget-container\">\n\t\t\t\t\t<h2 class=\"elementor-heading-title elementor-size-default\">DONA CON VENMO<\/h2>\t\t\t\t<\/div>\n\t\t\t\t<\/div>\n\t\t\t\t<div class=\"elementor-element elementor-element-063da4e exad-sticky-section-no exad-glass-effect-no elementor-widget elementor-widget-image\" data-id=\"063da4e\" data-element_type=\"widget\" data-settings=\"{&quot;_animation&quot;:&quot;none&quot;}\" data-widget_type=\"image.default\">\n\t\t\t\t<div class=\"elementor-widget-container\">\n\t\t\t\t\t\t\t\t\t\t\t\t\t\t\t<img decoding=\"async\" width=\"396\" height=\"386\" src=\"https:\/\/solforastero.org\/wp-content\/uploads\/2024\/10\/Venmo-donate-QR.png\" class=\"attachment-full size-full wp-image-1045\" alt=\"\" srcset=\"https:\/\/solforastero.org\/wp-content\/uploads\/2024\/10\/Venmo-donate-QR.png 396w, https:\/\/solforastero.org\/wp-content\/uploads\/2024\/10\/Venmo-donate-QR-300x292.png 300w, https:\/\/solforastero.org\/wp-content\/uploads\/2024\/10\/Venmo-donate-QR-12x12.png 12w\" sizes=\"(max-width: 396px) 100vw, 396px\" \/>\t\t\t\t\t\t\t\t\t\t\t\t\t\t\t<\/div>\n\t\t\t\t<\/div>\n\t\t\t\t<\/div>\n\t\t\t\t<\/div>\n\t\t<div class=\"elementor-element elementor-element-5531df4 e-con-full e-flex e-con e-parent\" data-id=\"5531df4\" data-element_type=\"container\" data-settings=\"{&quot;background_background&quot;:&quot;gradient&quot;}\">\n\t\t<div class=\"elementor-element elementor-element-df0ff11 e-con-full e-flex e-con e-child\" data-id=\"df0ff11\" data-element_type=\"container\">\n\t\t\t\t<div class=\"elementor-element elementor-element-6dda347 exad-sticky-section-no exad-glass-effect-no elementor-widget elementor-widget-text-editor\" data-id=\"6dda347\" data-element_type=\"widget\" data-widget_type=\"text-editor.default\">\n\t\t\t\t<div class=\"elementor-widget-container\">\n\t\t\t\t\t\t\t\t\t<p>Sol Forastero es una organizaci\u00f3n exenta de impuestos 501(c)3 y su donaci\u00f3n es deducible de impuestos dentro de las directrices de la legislaci\u00f3n estadounidense. Para reclamar una donaci\u00f3n como deducci\u00f3n en sus impuestos de EE.UU., por favor guarde su recibo de transacci\u00f3n\/donaci\u00f3n como su registro oficial. Si lo solicita, tambi\u00e9n podemos enviarle una copia impresa una vez finalizada con \u00e9xito su donaci\u00f3n.<\/p>\t\t\t\t\t\t\t\t<\/div>\n\t\t\t\t<\/div>\n\t\t\t\t<\/div>\n\t\t\t\t<\/div>\n\t\t\t\t<\/div>","protected":false},"excerpt":{"rendered":"<p>DONATE Support Our Journey Your donation isn\u2019t just a transaction\u2014it\u2019s a chance to uplift the Latino community.\u00a0Whether you\u2019re passionate about [&hellip;]<\/p>","protected":false},"author":1,"featured_media":0,"parent":0,"menu_order":0,"comment_status":"closed","ping_status":"closed","template":"","meta":{"site-sidebar-layout":"no-sidebar","site-content-layout":"","ast-site-content-layout":"full-width-container","site-content-style":"default","site-sidebar-style":"default","ast-global-header-display":"","ast-banner-title-visibility":"","ast-main-header-display":"","ast-hfb-above-header-display":"","ast-hfb-below-header-display":"","ast-hfb-mobile-header-display":"","site-post-title":"disabled","ast-breadcrumbs-content":"","ast-featured-img":"disabled","footer-sml-layout":"","theme-transparent-header-meta":"","adv-header-id-meta":"","stick-header-meta":"","header-above-stick-meta":"","header-main-stick-meta":"","header-below-stick-meta":"","astra-migrate-meta-layouts":"default","ast-page-background-enabled":"default","ast-page-background-meta":{"desktop":{"background-color":"var(--ast-global-color-4)","background-image":"","background-repeat":"repeat","background-position":"center center","background-size":"auto","background-attachment":"scroll","background-type":"","background-media":"","overlay-type":"","overlay-color":"","overlay-opacity":"","overlay-gradient":""},"tablet":{"background-color":"","background-image":"","background-repeat":"repeat","background-position":"center center","background-size":"auto","background-attachment":"scroll","background-type":"","background-media":"","overlay-type":"","overlay-color":"","overlay-opacity":"","overlay-gradient":""},"mobile":{"background-color":"","background-image":"","background-repeat":"repeat","background-position":"center center","background-size":"auto","background-attachment":"scroll","background-type":"","background-media":"","overlay-type":"","overlay-color":"","overlay-opacity":"","overlay-gradient":""}},"ast-content-background-meta":{"desktop":{"background-color":"var(--ast-global-color-5)","background-image":"","background-repeat":"repeat","background-position":"center center","background-size":"auto","background-attachment":"scroll","background-type":"","background-media":"","overlay-type":"","overlay-color":"","overlay-opacity":"","overlay-gradient":""},"tablet":{"background-color":"var(--ast-global-color-5)","background-image":"","background-repeat":"repeat","background-position":"center center","background-size":"auto","background-attachment":"scroll","background-type":"","background-media":"","overlay-type":"","overlay-color":"","overlay-opacity":"","overlay-gradient":""},"mobile":{"background-color":"var(--ast-global-color-5)","background-image":"","background-repeat":"repeat","background-position":"center center","background-size":"auto","background-attachment":"scroll","background-type":"","background-media":"","overlay-type":"","overlay-color":"","overlay-opacity":"","overlay-gradient":""}},"footnotes":""},"class_list":["post-959","page","type-page","status-publish","hentry"],"_links":{"self":[{"href":"https:\/\/solforastero.org\/es\/wp-json\/wp\/v2\/pages\/959","targetHints":{"allow":["GET"]}}],"collection":[{"href":"https:\/\/solforastero.org\/es\/wp-json\/wp\/v2\/pages"}],"about":[{"href":"https:\/\/solforastero.org\/es\/wp-json\/wp\/v2\/types\/page"}],"author":[{"embeddable":true,"href":"https:\/\/solforastero.org\/es\/wp-json\/wp\/v2\/users\/1"}],"replies":[{"embeddable":true,"href":"https:\/\/solforastero.org\/es\/wp-json\/wp\/v2\/comments?post=959"}],"version-history":[{"count":94,"href":"https:\/\/solforastero.org\/es\/wp-json\/wp\/v2\/pages\/959\/revisions"}],"predecessor-version":[{"id":1163,"href":"https:\/\/solforastero.org\/es\/wp-json\/wp\/v2\/pages\/959\/revisions\/1163"}],"wp:attachment":[{"href":"https:\/\/solforastero.org\/es\/wp-json\/wp\/v2\/media?parent=959"}],"curies":[{"name":"wp","href":"https:\/\/api.w.org\/{rel}","templated":true}]}}